{"id":3334,"date":"2025-06-27T16:12:55","date_gmt":"2025-06-27T14:12:55","guid":{"rendered":"https:\/\/blog.regiolux.de\/?page_id=3334"},"modified":"2025-06-27T16:12:55","modified_gmt":"2025-06-27T14:12:55","slug":"barrierefreiheit","status":"publish","type":"page","link":"https:\/\/blog.regiolux.de\/de\/barrierefreiheit\/","title":{"rendered":"Barrierefreiheit"},"content":{"rendered":"<h1>Erkl\u00e4rung zur Barrierefreiheit<\/h1>\n<h2>Unser Engagement f\u00fcr Barrierefreiheit<\/h2>\n<p>Wir setzen uns daf\u00fcr ein, dass unsere Webseiten f\u00fcr alle Benutzer zug\u00e4nglich sind, unabh\u00e4ngig von ihren F\u00e4higkeiten oder der verwendeten Technologie. Unser Ziel ist es die Richtlinien f\u00fcr barrierefreie Webinhalte zu erf\u00fcllen oder zu \u00fcbertreffen.<\/p>\n<h2>Stand der Vereinbarung mit den Anforderungen<\/h2>\n<p>Die Website ist teilweise mit den Anforderungen der Barrierefreiheit gem\u00e4\u00df der EU-Richtlinie 2016\/2102 und dem Barrierefreiheitsst\u00e4rkungsgesetz (BFSG) vereinbar. Es gibt einzelne Bereiche, die noch nicht vollst\u00e4ndig barrierefrei sind.<\/p>\n<h2>Nicht barrierefreie Inhalte<\/h2>\n<p>Die nachstehenden Inhalte sind aktuell noch nicht in allen Aspekten vollst\u00e4ndig barrierefrei:<\/p>\n<ul>\n<li>Alternativtexte f\u00fcr Bilder: Einige Bilder verf\u00fcgen noch nicht \u00fcber aussagekr\u00e4ftige Alternativtexte<\/li>\n<li>Navigation: Die Navigation \u00fcber Tastatur oder Screenreader ist in bestimmten Bereichen eingeschr\u00e4nkt (u.a. die Hervorhebung\/Tastaturfokus des ausgew\u00e4hlten Elements)<\/li>\n<li>Kontraste: Einige Texte und grafische Elemente weisen m\u00f6glicherweise nicht ausreichende Kontraste auf<\/li>\n<li>Dokumente: Einige herunterladbare Dokumente (z.B. PDFs) sind nicht vollst\u00e4ndig barrierefrei<\/li>\n<li>Eingebettete Videos: Einige Videos auf der Website sind nicht mit Untertiteln oder Audiobeschreibung versehen.<\/li>\n<\/ul>\n<h2>Ma\u00dfnahmen zur Verbesserung der Barrierefreiheit<\/h2>\n<p>Wir arbeiten gerade aktiv an einer grundlegenden Neugestaltung unseres Internetauftritts und werden die genannten Punkte bei der Neugestaltung von Beginn an mitber\u00fccksichtigen, um die aktuell noch bestehenden Barrieren abzubauen.<\/p>\n<p><strong>Zus\u00e4tzliche Ma\u00dfnahmen sind ferner:<\/strong><\/p>\n<ul>\n<li>Schulungen f\u00fcr unsere Mitarbeiter, um barrierefreie Inhalte zu erstellen.<\/li>\n<li>Regelm\u00e4\u00dfige \u00dcberpr\u00fcfung der Website auf Barrierefreiheit.<\/li>\n<li>Anpassung und Optimierung der technischen Infrastruktur.<\/li>\n<\/ul>\n<h2>Barriere melden: Feedback und Kontaktdaten<\/h2>\n<p>Sind Ihnen M\u00e4ngel beim barrierefreien Zugang zu Inhalten von www.regiolux.de aufgefallen? Oder haben Sie Fragen zum Thema Barrierefreiheit? Dann k\u00f6nnen Sie sich gerne per E-Mail bei uns melden unter: <a href=\"mailto:barrierefreiheit@regiolux.de\">barrierefreiheit@regiolux.de<\/a><\/p>\n<p><strong>Zust\u00e4ndig f\u00fcr die barrierefreie Zug\u00e4nglichkeit und die Bearbeitung der im Rahmen des Feedback-Mechanismus eingehenden Mitteilungen ist:<\/strong><\/p>\n<p>Regiolux GmbH<br \/>\nKontaktstelle Barrierefreiheit<br \/>\nHellinger Stra\u00dfe 3<br \/>\nD 97486 K\u00f6nigsberg<\/p>\n<h2>Durchsetzungsverfahren<\/h2>\n<p>Bleibt Ihre Anfrage innerhalb von sechs Wochen ganz oder teilweise unbeantwortet, so haben Sie die M\u00f6glichkeit, bei der Durchsetzungsstelle online einen Antrag auf Pr\u00fcfung der Einhaltung der Anforderungen an die Barrierefreiheit zu stellen:<br \/>\n<a href=\"https:\/\/formularserver.bayern.de\/intelliform\/forms\/rzsued\/ldbv\/ldbv\/anforderungen_barrierefreiheit\/index\">Antrag auf Pr\u00fcfung der Anforderungen an die Barrierefreiheit gem. \u00a7 11 BayDiV<\/a><\/p>\n<p>Oder Sie wenden sich an unsere nachfolgende Kontaktadresse:<\/p>\n<p>Landesamt f\u00fcr Digitalisierung, Breitband und Vermessung<br \/>\nIT-Dienstleistungszentrum des Freistaats Bayern<br \/>\nDurchsetzungs- und \u00dcberwachungsstelle f\u00fcr barrierefreie Informationstechnik<br \/>\nSt.-Martin-Stra\u00dfe 47<br \/>\n81541 M\u00fcnchen<br \/>\nE-Mail: <a href=\"mailto:bitv@bayern.de\">bitv@bayern.de<\/a><br \/>\n<a href=\"http:\/\/www.ldbv.bayern.de\/digitalisierung\/bitv.html\">www.ldbv.bayern.de\/digitalisierung\/bitv.html<\/a><\/p>\n<h2>Erstellung dieser Erkl\u00e4rung zur Barrierefreiheit<\/h2>\n<p>Diese Erkl\u00e4rung wurde am 14. Mai 2025 erstellt und zuletzt \u00fcberpr\u00fcft. Die Grundlage f\u00fcr die Erstellung dieser Erkl\u00e4rung ist eine Selbstbewertung der Website und die Analyse durch einen externen Dienstleister.<\/p>\n<p>Wir danken Ihnen f\u00fcr Ihr Verst\u00e4ndnis und Ihre Unterst\u00fctzung bei der Verbesserung der Barrierefreiheit unserer Website.<\/p>\n","protected":false},"excerpt":{"rendered":"<p>Erkl\u00e4rung zur Barrierefreiheit Unser Engagement f\u00fcr Barrierefreiheit Wir setzen uns daf\u00fcr ein, dass unsere Webseiten f\u00fcr alle Benutzer zug\u00e4nglich sind, unabh\u00e4ngig von ihren F\u00e4higkeiten oder der verwendeten Technologie. Unser Ziel ist es die Richtlinien f\u00fcr barrierefreie Webinhalte zu erf\u00fcllen oder zu \u00fcbertreffen. Stand der Vereinbarung mit den Anforderungen Die Website ist teilweise mit den Anforderungen [&hellip;]<\/p>\n","protected":false},"author":3,"featured_media":0,"parent":0,"menu_order":0,"comment_status":"closed","ping_status":"closed","template":"","meta":{"_acf_changed":false,"footnotes":""},"class_list":["post-3334","page","type-page","status-publish","hentry"],"acf":[],"yoast_head":"<!-- This site is optimized with the Yoast SEO plugin v25.3 - https:\/\/yoast.com\/wordpress\/plugins\/seo\/ -->\n<title>Barrierefreiheit - REGIOLUX.BLOG<\/title>\n<meta name=\"robots\" content=\"index, follow, max-snippet:-1, max-image-preview:large, max-video-preview:-1\" \/>\n<link rel=\"canonical\" href=\"https:\/\/blog.regiolux.de\/de\/barrierefreiheit\/\" \/>\n<meta property=\"og:locale\" content=\"de_DE\" \/>\n<meta property=\"og:type\" content=\"article\" \/>\n<meta property=\"og:title\" content=\"Barrierefreiheit - REGIOLUX.BLOG\" \/>\n<meta property=\"og:description\" content=\"Erkl\u00e4rung zur Barrierefreiheit Unser Engagement f\u00fcr Barrierefreiheit Wir setzen uns daf\u00fcr ein, dass unsere Webseiten f\u00fcr alle Benutzer zug\u00e4nglich sind, unabh\u00e4ngig von ihren F\u00e4higkeiten oder der verwendeten Technologie. Unser Ziel ist es die Richtlinien f\u00fcr barrierefreie Webinhalte zu erf\u00fcllen oder zu \u00fcbertreffen. Stand der Vereinbarung mit den Anforderungen Die Website ist teilweise mit den Anforderungen [&hellip;]\" \/>\n<meta property=\"og:url\" content=\"https:\/\/blog.regiolux.de\/de\/barrierefreiheit\/\" \/>\n<meta property=\"og:site_name\" content=\"REGIOLUX.BLOG\" \/>\n<meta property=\"article:publisher\" content=\"https:\/\/www.facebook.com\/RegioluxGmbH\" \/>\n<meta name=\"twitter:card\" content=\"summary_large_image\" \/>\n<meta name=\"twitter:label1\" content=\"Gesch\u00e4tzte Lesezeit\" \/>\n\t<meta name=\"twitter:data1\" content=\"2\u00a0Minuten\" \/>\n<script type=\"application\/ld+json\" class=\"yoast-schema-graph\">{\"@context\":\"https:\/\/schema.org\",\"@graph\":[{\"@type\":\"WebPage\",\"@id\":\"https:\/\/blog.regiolux.de\/de\/barrierefreiheit\/\",\"url\":\"https:\/\/blog.regiolux.de\/de\/barrierefreiheit\/\",\"name\":\"Barrierefreiheit - REGIOLUX.BLOG\",\"isPartOf\":{\"@id\":\"https:\/\/blog.regiolux.de\/de\/#website\"},\"datePublished\":\"2025-06-27T14:12:55+00:00\",\"breadcrumb\":{\"@id\":\"https:\/\/blog.regiolux.de\/de\/barrierefreiheit\/#breadcrumb\"},\"inLanguage\":\"de\",\"potentialAction\":[{\"@type\":\"ReadAction\",\"target\":[\"https:\/\/blog.regiolux.de\/de\/barrierefreiheit\/\"]}]},{\"@type\":\"BreadcrumbList\",\"@id\":\"https:\/\/blog.regiolux.de\/de\/barrierefreiheit\/#breadcrumb\",\"itemListElement\":[{\"@type\":\"ListItem\",\"position\":1,\"name\":\"Startseite\",\"item\":\"https:\/\/blog.regiolux.de\/de\/\"},{\"@type\":\"ListItem\",\"position\":2,\"name\":\"Barrierefreiheit\"}]},{\"@type\":\"WebSite\",\"@id\":\"https:\/\/blog.regiolux.de\/de\/#website\",\"url\":\"https:\/\/blog.regiolux.de\/de\/\",\"name\":\"REGIOLUX.BLOG\",\"description\":\"Insights \u2013 Inspiration \u2013 Technik\",\"publisher\":{\"@id\":\"https:\/\/blog.regiolux.de\/de\/#organization\"},\"potentialAction\":[{\"@type\":\"SearchAction\",\"target\":{\"@type\":\"EntryPoint\",\"urlTemplate\":\"https:\/\/blog.regiolux.de\/de\/?s={search_term_string}\"},\"query-input\":{\"@type\":\"PropertyValueSpecification\",\"valueRequired\":true,\"valueName\":\"search_term_string\"}}],\"inLanguage\":\"de\"},{\"@type\":\"Organization\",\"@id\":\"https:\/\/blog.regiolux.de\/de\/#organization\",\"name\":\"REGIOLUX.BLOG\",\"url\":\"https:\/\/blog.regiolux.de\/de\/\",\"logo\":{\"@type\":\"ImageObject\",\"inLanguage\":\"de\",\"@id\":\"https:\/\/blog.regiolux.de\/de\/#\/schema\/logo\/image\/\",\"url\":\"https:\/\/blog.regiolux.de\/wp-content\/uploads\/2021\/03\/cropped-rlx-blog-logo@3x.png\",\"contentUrl\":\"https:\/\/blog.regiolux.de\/wp-content\/uploads\/2021\/03\/cropped-rlx-blog-logo@3x.png\",\"width\":798,\"height\":142,\"caption\":\"REGIOLUX.BLOG\"},\"image\":{\"@id\":\"https:\/\/blog.regiolux.de\/de\/#\/schema\/logo\/image\/\"},\"sameAs\":[\"https:\/\/www.facebook.com\/RegioluxGmbH\"]}]}<\/script>\n<!-- \/ Yoast SEO plugin. -->","yoast_head_json":{"title":"Barrierefreiheit - REGIOLUX.BLOG","robots":{"index":"index","follow":"follow","max-snippet":"max-snippet:-1","max-image-preview":"max-image-preview:large","max-video-preview":"max-video-preview:-1"},"canonical":"https:\/\/blog.regiolux.de\/de\/barrierefreiheit\/","og_locale":"de_DE","og_type":"article","og_title":"Barrierefreiheit - REGIOLUX.BLOG","og_description":"Erkl\u00e4rung zur Barrierefreiheit Unser Engagement f\u00fcr Barrierefreiheit Wir setzen uns daf\u00fcr ein, dass unsere Webseiten f\u00fcr alle Benutzer zug\u00e4nglich sind, unabh\u00e4ngig von ihren F\u00e4higkeiten oder der verwendeten Technologie. Unser Ziel ist es die Richtlinien f\u00fcr barrierefreie Webinhalte zu erf\u00fcllen oder zu \u00fcbertreffen. Stand der Vereinbarung mit den Anforderungen Die Website ist teilweise mit den Anforderungen [&hellip;]","og_url":"https:\/\/blog.regiolux.de\/de\/barrierefreiheit\/","og_site_name":"REGIOLUX.BLOG","article_publisher":"https:\/\/www.facebook.com\/RegioluxGmbH","twitter_card":"summary_large_image","twitter_misc":{"Gesch\u00e4tzte Lesezeit":"2\u00a0Minuten"},"schema":{"@context":"https:\/\/schema.org","@graph":[{"@type":"WebPage","@id":"https:\/\/blog.regiolux.de\/de\/barrierefreiheit\/","url":"https:\/\/blog.regiolux.de\/de\/barrierefreiheit\/","name":"Barrierefreiheit - REGIOLUX.BLOG","isPartOf":{"@id":"https:\/\/blog.regiolux.de\/de\/#website"},"datePublished":"2025-06-27T14:12:55+00:00","breadcrumb":{"@id":"https:\/\/blog.regiolux.de\/de\/barrierefreiheit\/#breadcrumb"},"inLanguage":"de","potentialAction":[{"@type":"ReadAction","target":["https:\/\/blog.regiolux.de\/de\/barrierefreiheit\/"]}]},{"@type":"BreadcrumbList","@id":"https:\/\/blog.regiolux.de\/de\/barrierefreiheit\/#breadcrumb","itemListElement":[{"@type":"ListItem","position":1,"name":"Startseite","item":"https:\/\/blog.regiolux.de\/de\/"},{"@type":"ListItem","position":2,"name":"Barrierefreiheit"}]},{"@type":"WebSite","@id":"https:\/\/blog.regiolux.de\/de\/#website","url":"https:\/\/blog.regiolux.de\/de\/","name":"REGIOLUX.BLOG","description":"Insights \u2013 Inspiration \u2013 Technik","publisher":{"@id":"https:\/\/blog.regiolux.de\/de\/#organization"},"potentialAction":[{"@type":"SearchAction","target":{"@type":"EntryPoint","urlTemplate":"https:\/\/blog.regiolux.de\/de\/?s={search_term_string}"},"query-input":{"@type":"PropertyValueSpecification","valueRequired":true,"valueName":"search_term_string"}}],"inLanguage":"de"},{"@type":"Organization","@id":"https:\/\/blog.regiolux.de\/de\/#organization","name":"REGIOLUX.BLOG","url":"https:\/\/blog.regiolux.de\/de\/","logo":{"@type":"ImageObject","inLanguage":"de","@id":"https:\/\/blog.regiolux.de\/de\/#\/schema\/logo\/image\/","url":"https:\/\/blog.regiolux.de\/wp-content\/uploads\/2021\/03\/cropped-rlx-blog-logo@3x.png","contentUrl":"https:\/\/blog.regiolux.de\/wp-content\/uploads\/2021\/03\/cropped-rlx-blog-logo@3x.png","width":798,"height":142,"caption":"REGIOLUX.BLOG"},"image":{"@id":"https:\/\/blog.regiolux.de\/de\/#\/schema\/logo\/image\/"},"sameAs":["https:\/\/www.facebook.com\/RegioluxGmbH"]}]}},"_links":{"self":[{"href":"https:\/\/blog.regiolux.de\/de\/wp-json\/wp\/v2\/pages\/3334","targetHints":{"allow":["GET"]}}],"collection":[{"href":"https:\/\/blog.regiolux.de\/de\/wp-json\/wp\/v2\/pages"}],"about":[{"href":"https:\/\/blog.regiolux.de\/de\/wp-json\/wp\/v2\/types\/page"}],"author":[{"embeddable":true,"href":"https:\/\/blog.regiolux.de\/de\/wp-json\/wp\/v2\/users\/3"}],"replies":[{"embeddable":true,"href":"https:\/\/blog.regiolux.de\/de\/wp-json\/wp\/v2\/comments?post=3334"}],"version-history":[{"count":1,"href":"https:\/\/blog.regiolux.de\/de\/wp-json\/wp\/v2\/pages\/3334\/revisions"}],"predecessor-version":[{"id":3335,"href":"https:\/\/blog.regiolux.de\/de\/wp-json\/wp\/v2\/pages\/3334\/revisions\/3335"}],"wp:attachment":[{"href":"https:\/\/blog.regiolux.de\/de\/wp-json\/wp\/v2\/media?parent=3334"}],"curies":[{"name":"wp","href":"https:\/\/api.w.org\/{rel}","templated":true}]}}